{"id":782,"date":"2025-05-15T13:55:33","date_gmt":"2025-05-15T11:55:33","guid":{"rendered":"http:\/\/entresl.cluster029.hosting.ovh.net\/?page_id=782"},"modified":"2025-05-15T15:54:48","modified_gmt":"2025-05-15T13:54:48","slug":"mentions-legales","status":"publish","type":"page","link":"https:\/\/eqilib.fr\/index.php\/mentions-legales\/","title":{"rendered":"Mentions l\u00e9gales\u200b"},"content":{"rendered":"\t\t<div data-elementor-type=\"wp-post\" data-elementor-id=\"782\" class=\"elementor elementor-782\">\n\t\t\t\t<div class=\"elementor-element elementor-element-7e095bb e-flex e-con-boxed e-con e-parent\" data-id=\"7e095bb\" data-element_type=\"container\" data-settings=\"{&quot;background_background&quot;:&quot;classic&quot;}\">\n\t\t\t\t\t<div class=\"e-con-inner\">\n\t\t\t\t<div class=\"elementor-element elementor-element-d484699 elementor-widget elementor-widget-heading\" data-id=\"d484699\" data-element_type=\"widget\" data-widget_type=\"heading.default\">\n\t\t\t\t<div class=\"elementor-widget-container\">\n\t\t\t\t\t<h2 class=\"elementor-heading-title elementor-size-default\">Mentions l\u00e9gales<\/h2>\t\t\t\t<\/div>\n\t\t\t\t<\/div>\n\t\t\t\t<div class=\"elementor-element elementor-element-362543a elementor-widget elementor-widget-text-editor\" data-id=\"362543a\" data-element_type=\"widget\" data-widget_type=\"text-editor.default\">\n\t\t\t\t<div class=\"elementor-widget-container\">\n\t\t\t\t\t\t\t\t\t<p><strong>\u00c9diteur du site :<\/strong><br \/>Association\u00a0<strong>EQILIB<\/strong><br \/>Si\u00e8ge social : 18 avenue Marguerite, 93140 Bondy<br \/>Adresse e-mail : info@eqilib.fr<br \/>Num\u00e9ro de t\u00e9l\u00e9phone : 07 80 93 00 53<br \/>Num\u00e9ro de SIRET : 499 354 751<br \/>Directeur de publication : Teddy Samar, Pr\u00e9sident de l\u2019association EQILIB.<\/p><p><strong>H\u00e9bergeur du site :<\/strong><br \/>Nom de l\u2019h\u00e9bergeur : OVH<br \/>Adresse de l\u2019h\u00e9bergeur : 2 rue Kellermann, 59 100 Roubaix<\/p><p><strong>Propri\u00e9t\u00e9 intellectuelle :<\/strong><br \/>L\u2019ensemble des contenus pr\u00e9sents sur le site\u00a0<strong>eqilib.fr<\/strong>\u00a0(textes, images, graphismes, logos, vid\u00e9os) sont la propri\u00e9t\u00e9 exclusive de l\u2019association EQILIB ou de leurs auteurs respectifs et sont prot\u00e9g\u00e9s par le droit d\u2019auteur. Toute reproduction, distribution ou utilisation sans autorisation \u00e9crite est strictement interdite.<\/p><p><strong>Donn\u00e9es personnelles :<\/strong><br \/>L\u2019association EQILIB s\u2019engage \u00e0 respecter la confidentialit\u00e9 des donn\u00e9es personnelles des utilisateurs conform\u00e9ment \u00e0 la r\u00e9glementation en vigueur (RGPD). Les informations collect\u00e9es via les formulaires sont utilis\u00e9es exclusivement pour r\u00e9pondre aux demandes des personnes accompagn\u00e9es. Les utilisateurs disposent d\u2019un droit d\u2019acc\u00e8s, de modification et de suppression de leurs donn\u00e9es. Pour exercer ce droit, veuillez envoyer un e-mail \u00e0 info@eqilib.fr.<\/p><p><strong>Responsabilit\u00e9 :<\/strong><br \/>L\u2019association EQILIB met tout en \u0153uvre pour fournir des informations exactes et \u00e0 jour sur son site, mais ne garantit pas leur exhaustivit\u00e9. L\u2019association d\u00e9cline toute responsabilit\u00e9 en cas d\u2019erreur, d\u2019omission ou d\u2019interruption du service.<\/p>\t\t\t\t\t\t\t\t<\/div>\n\t\t\t\t<\/div>\n\t\t\t\t\t<\/div>\n\t\t\t\t<\/div>\n\t\t\t\t<\/div>\n\t\t","protected":false},"excerpt":{"rendered":"<p>Mentions l\u00e9gales \u00c9diteur du site :Association\u00a0EQILIBSi\u00e8ge social : 18 avenue Marguerite, 93140 BondyAdresse e-mail : info@eqilib.frNum\u00e9ro de t\u00e9l\u00e9phone : 07 80 93 00 53Num\u00e9ro de SIRET : 499 354 751Directeur de publication : Teddy Samar, Pr\u00e9sident de l\u2019association EQILIB. H\u00e9bergeur du site :Nom de l\u2019h\u00e9bergeur : OVHAdresse de l\u2019h\u00e9bergeur : 2 rue Kellermann, 59 100 [&hellip;]<\/p>\n","protected":false},"author":1,"featured_media":0,"parent":0,"menu_order":0,"comment_status":"closed","ping_status":"closed","template":"","meta":{"footnotes":""},"class_list":["post-782","page","type-page","status-publish","hentry"],"_links":{"self":[{"href":"https:\/\/eqilib.fr\/index.php\/wp-json\/wp\/v2\/pages\/782","targetHints":{"allow":["GET"]}}],"collection":[{"href":"https:\/\/eqilib.fr\/index.php\/wp-json\/wp\/v2\/pages"}],"about":[{"href":"https:\/\/eqilib.fr\/index.php\/wp-json\/wp\/v2\/types\/page"}],"author":[{"embeddable":true,"href":"https:\/\/eqilib.fr\/index.php\/wp-json\/wp\/v2\/users\/1"}],"replies":[{"embeddable":true,"href":"https:\/\/eqilib.fr\/index.php\/wp-json\/wp\/v2\/comments?post=782"}],"version-history":[{"count":59,"href":"https:\/\/eqilib.fr\/index.php\/wp-json\/wp\/v2\/pages\/782\/revisions"}],"predecessor-version":[{"id":984,"href":"https:\/\/eqilib.fr\/index.php\/wp-json\/wp\/v2\/pages\/782\/revisions\/984"}],"wp:attachment":[{"href":"https:\/\/eqilib.fr\/index.php\/wp-json\/wp\/v2\/media?parent=782"}],"curies":[{"name":"wp","href":"https:\/\/api.w.org\/{rel}","templated":true}]}}