{"id":916,"date":"2025-05-15T15:10:24","date_gmt":"2025-05-15T13:10:24","guid":{"rendered":"http:\/\/entresl.cluster029.hosting.ovh.net\/?page_id=916"},"modified":"2025-05-15T15:48:06","modified_gmt":"2025-05-15T13:48:06","slug":"conditions-generales-dutilisation","status":"publish","type":"page","link":"https:\/\/eqilib.fr\/index.php\/conditions-generales-dutilisation\/","title":{"rendered":"Conditions G\u00e9n\u00e9rales d&rsquo;utilisation"},"content":{"rendered":"\t\t<div data-elementor-type=\"wp-post\" data-elementor-id=\"916\" class=\"elementor elementor-916\">\n\t\t\t\t<div class=\"elementor-element elementor-element-8db9240 e-flex e-con-boxed e-con e-parent\" data-id=\"8db9240\" data-element_type=\"container\" data-settings=\"{&quot;background_background&quot;:&quot;classic&quot;}\">\n\t\t\t\t\t<div class=\"e-con-inner\">\n\t\t\t\t<div class=\"elementor-element elementor-element-6907669 elementor-widget elementor-widget-heading\" data-id=\"6907669\" data-element_type=\"widget\" data-widget_type=\"heading.default\">\n\t\t\t\t<div class=\"elementor-widget-container\">\n\t\t\t\t\t<h2 class=\"elementor-heading-title elementor-size-default\">Conditions G\u00e9n\u00e9rales d'utilisation<\/h2>\t\t\t\t<\/div>\n\t\t\t\t<\/div>\n\t\t\t\t<div class=\"elementor-element elementor-element-dc86452 elementor-widget elementor-widget-text-editor\" data-id=\"dc86452\" data-element_type=\"widget\" data-widget_type=\"text-editor.default\">\n\t\t\t\t<div class=\"elementor-widget-container\">\n\t\t\t\t\t\t\t\t\t<p><strong>Article 1 : Objet<\/strong><br \/>Les pr\u00e9sentes Conditions G\u00e9n\u00e9rales de Vente (CGV) r\u00e9gissent les modalit\u00e9s de vente des services propos\u00e9s par <strong>l\u2019association EQILIB<\/strong> (\u00ab l&rsquo;Association \u00bb) \u00e0 travers son site internet. Ces services comprennent les bilans de comp\u00e9tences, les coachings individuels, et les ateliers collectifs. En acc\u00e9dant \u00e0 nos services, les clients acceptent les pr\u00e9sentes CGV sans r\u00e9serve.<\/p><p><strong>Article 2 : Identification de l\u2019Association<\/strong><br \/>Nom : EQILIB (modification en cours)<br \/>Si\u00e8ge social : 18 avenue Marguerite, 93140 Bondy<br \/>SIREN : 499 354 751<br \/>Contact : info@eqilib.fr<br \/>Site internet : https:\/\/www.eqilib.fr<\/p><p><strong>Article 3 : Services Propos\u00e9s<\/strong><\/p><p><strong>EQILIB propose :<\/strong><\/p><p><strong>Bilans de comp\u00e9tences :<\/strong> Ces services sont \u00e9ligibles au financement en fonds propres ou \u00e0 des financements publics (exemple : collectivit\u00e9s, France Travail, CPF).<br \/><strong>Coachings individuels :<\/strong> Ces programmes sont personnalis\u00e9s et con\u00e7us pour atteindre des objectifs personnels et professionnels.<br \/><strong>Ateliers collectifs :<\/strong> Ces s\u00e9ances visent \u00e0 sensibiliser sur l\u2019\u00e9quilibre entre vie priv\u00e9e et vie professionnelle, la gestion du temps, et la sant\u00e9 mentale.<\/p><p><strong>Article 4 : Conditions d\u2019Inscription et de Paiement<\/strong><br \/>Inscription : Les inscriptions se font directement sur le site internet ou via les coordonn\u00e9es de contact mentionn\u00e9es.<br \/>Tarification : Les tarifs sont indiqu\u00e9s sur le site internet et peuvent varier en fonction des services choisis.<br \/>Modalit\u00e9s de paiement : Les paiements peuvent s\u2019effectuer par virement bancaire, carte bancaire ou tout autre moyen de paiement indiqu\u00e9 sur le site.<br \/>Facturation : Une facture sera \u00e9mise apr\u00e8s validation de l\u2019inscription et r\u00e9ception du paiement.<\/p><p><strong>Article 5 : Droit de R\u00e9tractation<\/strong><br \/>Conform\u00e9ment \u00e0 l\u2019article L221-18 du Code de la consommation, les clients disposent d\u2019un d\u00e9lai de 14 jours pour se r\u00e9tracter \u00e0 compter de la date de leur inscription. Pour exercer ce droit, ils doivent notifier l\u2019Association par courrier \u00e9lectronique ou postal.<\/p><p><strong>Article 6 : Annulation et Remboursement<\/strong><br \/>Toute annulation doit \u00eatre signal\u00e9e par \u00e9crit. Les frais d\u2019annulation peuvent \u00eatre appliqu\u00e9s selon le d\u00e9lai d\u2019annulation.<br \/>Aucun remboursement ne sera effectu\u00e9 pour les s\u00e9ances d\u00e9j\u00e0 r\u00e9alis\u00e9es ou manqu\u00e9es sans justification.<\/p><p><strong>Article 7 : Responsabilit\u00e9<\/strong><br \/>EQILIB s\u2019engage \u00e0 fournir des services conformes \u00e0 leurs descriptions. Toutefois, l\u2019Association ne peut \u00eatre tenue responsable de l\u2019absence de r\u00e9sultat attendu par le client ou des cons\u00e9quences d\u00e9coulant d\u2019une mauvaise utilisation des outils et m\u00e9thodes enseign\u00e9s.<\/p><p><strong>Article 8 : Donn\u00e9es Personnelles<\/strong><br \/>L\u2019Association s\u2019engage \u00e0 prot\u00e9ger les donn\u00e9es personnelles de ses clients conform\u00e9ment au RGPD (R\u00e8glement G\u00e9n\u00e9ral sur la Protection des Donn\u00e9es). Les informations collect\u00e9es sont strictement confidentielles et ne seront utilis\u00e9es que dans le cadre des services propos\u00e9s.<\/p><p><strong>Article 9 : Litiges<\/strong><br \/>En cas de litige, les parties s\u2019engagent \u00e0 trouver une solution \u00e0 l\u2019amiable. \u00c0 d\u00e9faut, le tribunal comp\u00e9tent sera celui du si\u00e8ge social de l\u2019Association.<\/p><p><strong>Article 10 : Modification des CGV<\/strong><br \/>EQILIB se r\u00e9serve le droit de modifier les pr\u00e9sentes CGV \u00e0 tout moment. Les clients seront inform\u00e9s de toute modification par un avis publi\u00e9 sur le site internet.<\/p><p><strong>Article 11 : Acceptation des CGV<\/strong><br \/>En acc\u00e9dant aux services d\u2019EQILIB, les clients reconnaissent avoir pris connaissance des pr\u00e9sentes CGV et les accepter sans r\u00e9serve.<\/p>\t\t\t\t\t\t\t\t<\/div>\n\t\t\t\t<\/div>\n\t\t\t\t\t<\/div>\n\t\t\t\t<\/div>\n\t\t\t\t<\/div>\n\t\t","protected":false},"excerpt":{"rendered":"<p>Conditions G\u00e9n\u00e9rales d&rsquo;utilisation Article 1 : ObjetLes pr\u00e9sentes Conditions G\u00e9n\u00e9rales de Vente (CGV) r\u00e9gissent les modalit\u00e9s de vente des services propos\u00e9s par l\u2019association EQILIB (\u00ab l&rsquo;Association \u00bb) \u00e0 travers son site internet. Ces services comprennent les bilans de comp\u00e9tences, les coachings individuels, et les ateliers collectifs. En acc\u00e9dant \u00e0 nos services, les clients acceptent les [&hellip;]<\/p>\n","protected":false},"author":1,"featured_media":0,"parent":0,"menu_order":0,"comment_status":"closed","ping_status":"closed","template":"","meta":{"footnotes":""},"class_list":["post-916","page","type-page","status-publish","hentry"],"_links":{"self":[{"href":"https:\/\/eqilib.fr\/index.php\/wp-json\/wp\/v2\/pages\/916","targetHints":{"allow":["GET"]}}],"collection":[{"href":"https:\/\/eqilib.fr\/index.php\/wp-json\/wp\/v2\/pages"}],"about":[{"href":"https:\/\/eqilib.fr\/index.php\/wp-json\/wp\/v2\/types\/page"}],"author":[{"embeddable":true,"href":"https:\/\/eqilib.fr\/index.php\/wp-json\/wp\/v2\/users\/1"}],"replies":[{"embeddable":true,"href":"https:\/\/eqilib.fr\/index.php\/wp-json\/wp\/v2\/comments?post=916"}],"version-history":[{"count":32,"href":"https:\/\/eqilib.fr\/index.php\/wp-json\/wp\/v2\/pages\/916\/revisions"}],"predecessor-version":[{"id":975,"href":"https:\/\/eqilib.fr\/index.php\/wp-json\/wp\/v2\/pages\/916\/revisions\/975"}],"wp:attachment":[{"href":"https:\/\/eqilib.fr\/index.php\/wp-json\/wp\/v2\/media?parent=916"}],"curies":[{"name":"wp","href":"https:\/\/api.w.org\/{rel}","templated":true}]}}